{"id":515,"date":"2021-10-25T09:22:43","date_gmt":"2021-10-25T09:22:43","guid":{"rendered":"https:\/\/wordpress-566072-2146620.cloudwaysapps.com\/?page_id=515"},"modified":"2025-10-16T13:48:32","modified_gmt":"2025-10-16T13:48:32","slug":"home","status":"publish","type":"page","link":"https:\/\/sakaryaotocekici.com.tr\/","title":{"rendered":"Home"},"content":{"rendered":"\n<div class=\"wp-block-stackable-columns alignfull stk-block-columns stk-block stk-2b10ff5 stk-block-background stk--has-background-overlay\" data-block-id=\"2b10ff5\"><style>.stk-2b10ff5{background-image:url(https:\/\/sakaryaotocekici.com.tr\/wp-content\/uploads\/2024\/08\/Adsiz-tasarim-4.png) !important;min-height:100vh !important;align-items:center !important;padding-top:270px !important;padding-bottom:300px !important;margin-bottom:0px !important;display:flex !important}.stk-2b10ff5:before{background-color:#000000 !important;opacity:0.6 !important}@media screen and (max-width:1023px){.stk-2b10ff5{padding-top:200px !important;padding-bottom:250px !important}}@media screen and (max-width:767px){.stk-2b10ff5{padding-top:190px !important;padding-bottom:240px !important}.stk-2b10ff5-column{row-gap:50px !important}}<\/style><div class=\"stk-row stk-inner-blocks stk-block-content stk-content-align stk-2b10ff5-column alignfull\">\n<div class=\"wp-block-stackable-column stk-block-column stk-column stk-block stk-fef159b\" data-v=\"4\" data-block-id=\"fef159b\"><style>.stk-fef159b-container{margin-top:0px !important;margin-right:0px !important;margin-bottom:0px !important;margin-left:0px !important}.stk-fef159b{align-items:center !important;display:flex !important}@media screen and (min-width:768px){.stk-fef159b{flex:1 1 calc(59.9% - var(--stk-column-gap,0px) * 1 \/ 2 ) !important}}<\/style><div class=\"stk-column-wrapper stk-block-column__content stk-container stk-fef159b-container stk--no-background stk--no-padding\"><div class=\"has-text-align-center stk-block-content stk-inner-blocks stk-fef159b-inner-blocks\">\n<div class=\"wp-block-stackable-heading stk-block-heading stk-block-heading--v2 stk-block stk-23cd2bb stk-entrance\" id=\"sakarya-oto-cekici\" data-block-id=\"23cd2bb\"><style>.stk-23cd2bb{margin-bottom:50px !important;--entrance-transform:scale(1.15) !important}.stk-23cd2bb .stk-block-heading__text{font-size:66px !important;color:var(--theme-palette-color-6,#F4F4F5) !important;font-weight:700 !important;font-family:\"Amaranth\",Sans-serif !important}@media screen and (max-width:1023px){.stk-23cd2bb .stk-block-heading__text{font-size:50px !important}}@media screen and (max-width:767px){.stk-23cd2bb{margin-bottom:37px !important}.stk-23cd2bb .stk-block-heading__text{font-size:46px !important}}<\/style><h2 class=\"stk-block-heading__text has-text-color\">Sakarya Oto \u00c7ekici<\/h2><\/div>\n\n\n\n<div class=\"wp-block-stackable-button-group stk-block-button-group stk-block stk-f3cf833\" data-block-id=\"f3cf833\"><div class=\"stk-row stk-inner-blocks stk-block-content stk-button-group\">\n<div class=\"wp-block-stackable-button stk-block-button is-style-ghost stk-block stk-c7ec027 stk-entrance\" data-block-id=\"c7ec027\"><style>.stk-c7ec027 .stk-button{padding-top:10px !important;padding-right:20px !important;padding-bottom:10px !important;padding-left:20px !important;background:transparent !important;border-top-left-radius:15px !important;border-top-right-radius:15px !important;border-bottom-right-radius:15px !important;border-bottom-left-radius:15px !important}.stk-c7ec027 .stk-button:hover:after{background:transparent !important;opacity:1 !important}:where(.stk-hover-parent:hover,.stk-hover-parent.stk--is-hovered) .stk-c7ec027 .stk-button:after{background:transparent !important;opacity:1 !important}.stk-c7ec027 .stk-button:hover:before{box-shadow:0px 2px 5px 0px rgba(239,215,126,1) !important}.stk-c7ec027 .stk-button:before{border-style:solid !important}.stk-c7ec027 .stk-button__inner-text{font-size:18px !important}.stk-c7ec027{--entrance-transform:scale(1.15) !important}@media screen and (max-width:1023px){.stk-c7ec027 .stk-button__inner-text{font-size:18px !important}}<\/style><a class=\"stk-link stk-button stk--hover-effect-darken\" href=\"tel:05339634278\"><span class=\"stk-button__inner-text\">Hemen Ara<\/span><\/a><\/div>\n<\/div><\/div>\n\n\n\n<div class=\"wp-block-stackable-columns stk-block-columns stk-block stk-8dc1a7e\" data-block-id=\"8dc1a7e\"><div class=\"stk-row stk-inner-blocks stk-block-content stk-content-align stk-8dc1a7e-column\">\n<div class=\"wp-block-stackable-column stk-block-column stk-column stk-block stk-be82565\" data-v=\"4\" data-block-id=\"be82565\"><style>@media screen and (min-width:768px){.stk-be82565{flex:1 1 calc(17.4% - var(--stk-column-gap,0px) * 3 \/ 4 ) !important}}<\/style><div class=\"stk-column-wrapper stk-block-column__content stk-container stk-be82565-container stk--no-background stk--no-padding\"><div class=\"stk-block-content stk-inner-blocks stk-be82565-inner-blocks\">\n<p>s<a href=\"https:\/\/sakaryaotocekici.com.tr\/index.php\/cerez-politikasi\/\" data-type=\"page\" data-id=\"808\">\u00c7erez Politikas\u0131<\/a><\/p>\n<\/div><\/div><\/div>\n\n\n\n<div class=\"wp-block-stackable-column stk-block-column stk-column stk-block stk-a2004a8\" data-v=\"4\" data-block-id=\"a2004a8\"><style>@media screen and (min-width:768px){.stk-a2004a8{flex:1 1 calc(18.5% - var(--stk-column-gap,0px) * 3 \/ 4 ) !important}}<\/style><div class=\"stk-column-wrapper stk-block-column__content stk-container stk-a2004a8-container stk--no-background stk--no-padding\"><div class=\"stk-block-content stk-inner-blocks stk-a2004a8-inner-blocks\">\n<p><a href=\"https:\/\/sakaryaotocekici.com.tr\/index.php\/kullanim-kosullari\/\" data-type=\"page\" data-id=\"816\">Kullan\u0131m Ko\u015fullar\u0131<\/a><\/p>\n<\/div><\/div><\/div>\n\n\n\n<div class=\"wp-block-stackable-column stk-block-column stk-column stk-block stk-33e4fd9\" data-v=\"4\" data-block-id=\"33e4fd9\"><style>@media screen and (min-width:768px){.stk-33e4fd9{flex:1 1 calc(16.2% - var(--stk-column-gap,0px) * 3 \/ 4 ) !important}}<\/style><div class=\"stk-column-wrapper stk-block-column__content stk-container stk-33e4fd9-container stk--no-background stk--no-padding\"><div class=\"stk-block-content stk-inner-blocks stk-33e4fd9-inner-blocks\">\n<p><a href=\"https:\/\/sakaryaotocekici.com.tr\/index.php\/gizlilik-politikasi\/\" data-type=\"page\" data-id=\"812\">Gizlilik Politikas\u0131<\/a><\/p>\n<\/div><\/div><\/div>\n\n\n\n<div class=\"wp-block-stackable-column stk-block-column stk-column stk-block stk-cb36f03\" data-v=\"4\" data-block-id=\"cb36f03\"><style>@media screen and (min-width:768px){.stk-cb36f03{flex:1 1 calc(47.9% - var(--stk-column-gap,0px) * 3 \/ 4 ) !important}}<\/style><div class=\"stk-column-wrapper stk-block-column__content stk-container stk-cb36f03-container stk--no-background stk--no-padding\"><div class=\"stk-block-content stk-inner-blocks stk-cb36f03-inner-blocks\">\n<p class=\"has-text-align-left\"><a href=\"https:\/\/sakaryaotocekici.com.tr\/index.php\/kvkk-aydinlatma-metni\/\" data-type=\"page\" data-id=\"814\">KVKK Ayd\u0131nlatma Metni<\/a><\/p>\n<\/div><\/div><\/div>\n<\/div><\/div>\n<\/div><\/div><\/div>\n\n\n\n<div class=\"wp-block-stackable-column stk-block-column stk-column stk-block stk-81dbd6a\" data-v=\"4\" data-block-id=\"81dbd6a\"><style>.stk-81dbd6a{align-items:center !important;display:flex !important}@media screen and (min-width:768px){.stk-81dbd6a{flex:1 1 calc(40.1% - var(--stk-column-gap,0px) * 1 \/ 2 ) !important}}<\/style><div class=\"stk-column-wrapper stk-block-column__content stk-container stk-81dbd6a-container stk--no-background stk--no-padding\"><div class=\"stk-block-content stk-inner-blocks stk-81dbd6a-inner-blocks\">\n<div class=\"wp-block-stackable-icon-label stk-block-icon-label stk-block stk-821067a stk-block-background stk-entrance\" data-block-id=\"821067a\"><style>.stk-821067a{background-color:var(--theme-palette-color-6,#F4F4F5) !important;border-top-left-radius:50px !important;border-top-right-radius:50px !important;border-bottom-right-radius:50px !important;border-bottom-left-radius:50px !important;overflow:hidden !important;max-width:450px !important;--entrance-transform:translateX(200px) !important}.stk-821067a:before{background-color:var(--theme-palette-color-6,#F4F4F5) !important}.stk-821067a:hover{box-shadow:0px 4px 3px 0px rgba(239,215,126,1) !important;transform:translateY(-15px) scale(1.01) !important}<\/style><div class=\"stk-row stk-inner-blocks stk-block-content\">\n<div class=\"wp-block-stackable-icon stk-block-icon has-text-align-left stk-block stk-69b677f\" data-block-id=\"69b677f\"><style>.stk-69b677f .stk--svg-wrapper .stk--inner-svg svg:last-child,.stk-69b677f .stk--svg-wrapper .stk--inner-svg svg:last-child :is(g,path,rect,polygon,ellipse){fill:var(--theme-palette-color-4,#030306) !important}<\/style><span class=\"stk--svg-wrapper\"><div class=\"stk--inner-svg\"><svg style=\"height:0;width:0\"><defs><linearGradient id=\"linear-gradient-69b677f\" x1=\"0\" x2=\"100%\" y1=\"0\" y2=\"0\"><stop offset=\"0%\" style=\"stop-opacity:1;stop-color:var(--linear-gradient-69-b-677-f-color-1)\"><\/stop><stop offset=\"100%\" style=\"stop-opacity:1;stop-color:var(--linear-gradient-69-b-677-f-color-2)\"><\/stop><\/linearGradient><\/defs><\/svg><svg xmlns=\"http:\/\/www.w3.org\/2000\/svg\" viewBox=\"0 0 640 512\" aria-hidden=\"true\" width=\"32\" height=\"32\"><path d=\"M368.6 96l76.8 96H288V96h80.6zM224 80V192H64c-17.7 0-32 14.3-32 32v64c-17.7 0-32 14.3-32 32s14.3 32 32 32H65.1c-.7 5.2-1.1 10.6-1.1 16c0 61.9 50.1 112 112 112s112-50.1 112-112c0-5.4-.4-10.8-1.1-16h66.3c-.7 5.2-1.1 10.6-1.1 16c0 61.9 50.1 112 112 112s112-50.1 112-112c0-5.4-.4-10.8-1.1-16H608c17.7 0 32-14.3 32-32s-14.3-32-32-32V224c0-17.7-14.3-32-32-32H527.4L418.6 56c-12.1-15.2-30.5-24-50-24H272c-26.5 0-48 21.5-48 48zm0 288a48 48 0 1 1 -96 0 48 48 0 1 1 96 0zm288 0a48 48 0 1 1 -96 0 48 48 0 1 1 96 0z\"><\/path><\/svg><\/div><\/span><\/div>\n\n\n\n<div class=\"wp-block-stackable-heading stk-block-heading stk-block-heading--v2 stk-block stk-9d31c27\" id=\"acil-oto-cekici-hizmetleri\" data-block-id=\"9d31c27\"><style>.stk-9d31c27{overflow:hidden !important}.stk-9d31c27 .stk-block-heading__text{color:var(--theme-palette-color-4,#030306) !important}@media screen and (max-width:767px){.stk-9d31c27 .stk-block-heading__text{font-size:17px !important}}<\/style><h4 class=\"stk-block-heading__text has-text-color\">Acil Oto \u00c7ekici Hizmetleri<\/h4><\/div>\n<\/div><\/div>\n\n\n\n<div class=\"wp-block-stackable-icon-label stk-block-icon-label stk-block stk-dc8be3c stk-block-background stk-entrance\" data-block-id=\"dc8be3c\"><style>.stk-dc8be3c{background-color:var(--theme-palette-color-6,#F4F4F5) !important;border-top-left-radius:50px !important;border-top-right-radius:50px !important;border-bottom-right-radius:50px !important;border-bottom-left-radius:50px !important;overflow:hidden !important;max-width:450px !important;--entrance-transform:translateX(200px) !important}.stk-dc8be3c:before{background-color:var(--theme-palette-color-6,#F4F4F5) !important}.stk-dc8be3c:hover{box-shadow:0px 4px 3px 0px rgba(239,215,126,1) !important;transform:translateY(-15px) scale(1.01) !important}<\/style><div class=\"stk-row stk-inner-blocks stk-block-content\">\n<div class=\"wp-block-stackable-icon stk-block-icon has-text-align-left stk-block stk-9864689\" data-block-id=\"9864689\"><style>.stk-9864689 .stk--svg-wrapper .stk--inner-svg svg:last-child,.stk-9864689 .stk--svg-wrapper .stk--inner-svg svg:last-child :is(g,path,rect,polygon,ellipse){fill:var(--theme-palette-color-4,#030306) !important}<\/style><span class=\"stk--svg-wrapper\"><div class=\"stk--inner-svg\"><svg style=\"height:0;width:0\"><defs><linearGradient id=\"linear-gradient-9864689\" x1=\"0\" x2=\"100%\" y1=\"0\" y2=\"0\"><stop offset=\"0%\" style=\"stop-opacity:1;stop-color:var(--linear-gradient-9864689-color-1)\"><\/stop><stop offset=\"100%\" style=\"stop-opacity:1;stop-color:var(--linear-gradient-9864689-color-2)\"><\/stop><\/linearGradient><\/defs><\/svg><svg xmlns=\"http:\/\/www.w3.org\/2000\/svg\" viewBox=\"0 0 512 512\" aria-hidden=\"true\" width=\"32\" height=\"32\"><path d=\"M256 48C141.1 48 48 141.1 48 256v40c0 13.3-10.7 24-24 24s-24-10.7-24-24V256C0 114.6 114.6 0 256 0S512 114.6 512 256V400.1c0 48.6-39.4 88-88.1 88L313.6 488c-8.3 14.3-23.8 24-41.6 24H240c-26.5 0-48-21.5-48-48s21.5-48 48-48h32c17.8 0 33.3 9.7 41.6 24l110.4 .1c22.1 0 40-17.9 40-40V256c0-114.9-93.1-208-208-208zM144 208h16c17.7 0 32 14.3 32 32V352c0 17.7-14.3 32-32 32H144c-35.3 0-64-28.7-64-64V272c0-35.3 28.7-64 64-64zm224 0c35.3 0 64 28.7 64 64v48c0 35.3-28.7 64-64 64H352c-17.7 0-32-14.3-32-32V240c0-17.7 14.3-32 32-32h16z\"><\/path><\/svg><\/div><\/span><\/div>\n\n\n\n<div class=\"wp-block-stackable-heading stk-block-heading stk-block-heading--v2 stk-block stk-4acdf85\" id=\"acil-oto-cekici-hizmetleri\" data-block-id=\"4acdf85\"><style>.stk-4acdf85{overflow:hidden !important}.stk-4acdf85 .stk-block-heading__text{color:var(--theme-palette-color-4,#030306) !important}@media screen and (max-width:767px){.stk-4acdf85 .stk-block-heading__text{font-size:17px !important}}<\/style><h4 class=\"stk-block-heading__text has-text-color\">Kaza Sonras\u0131 Destek<\/h4><\/div>\n<\/div><\/div>\n\n\n\n<div class=\"wp-block-stackable-icon-label stk-block-icon-label stk-block stk-8d218e2 stk-block-background stk-entrance\" data-block-id=\"8d218e2\"><style>.stk-8d218e2{background-color:var(--theme-palette-color-6,#F4F4F5) !important;border-top-left-radius:50px !important;border-top-right-radius:50px !important;border-bottom-right-radius:50px !important;border-bottom-left-radius:50px !important;overflow:hidden !important;max-width:450px !important;--entrance-transform:translateX(200px) !important}.stk-8d218e2:before{background-color:var(--theme-palette-color-6,#F4F4F5) !important}.stk-8d218e2:hover{box-shadow:0px 4px 3px 0px rgba(239,215,126,1) !important;transform:translateY(-15px) scale(1.01) !important}<\/style><div class=\"stk-row stk-inner-blocks stk-block-content\">\n<div class=\"wp-block-stackable-icon stk-block-icon has-text-align-left stk-block stk-0ead52d\" data-block-id=\"0ead52d\"><style>.stk-0ead52d .stk--svg-wrapper .stk--inner-svg svg:last-child,.stk-0ead52d .stk--svg-wrapper .stk--inner-svg svg:last-child :is(g,path,rect,polygon,ellipse){fill:var(--theme-palette-color-4,#030306) !important}<\/style><span class=\"stk--svg-wrapper\"><div class=\"stk--inner-svg\"><svg style=\"height:0;width:0\"><defs><linearGradient id=\"linear-gradient-0ead52d\" x1=\"0\" x2=\"100%\" y1=\"0\" y2=\"0\"><stop offset=\"0%\" style=\"stop-opacity:1;stop-color:var(--linear-gradient-0-ead-52-d-color-1)\"><\/stop><stop offset=\"100%\" style=\"stop-opacity:1;stop-color:var(--linear-gradient-0-ead-52-d-color-2)\"><\/stop><\/linearGradient><\/defs><\/svg><svg xmlns=\"http:\/\/www.w3.org\/2000\/svg\" viewBox=\"0 0 640 512\" aria-hidden=\"true\" width=\"32\" height=\"32\"><path d=\"M544 248v3.3l69.7-69.7c21.9-21.9 21.9-57.3 0-79.2L535.6 24.4c-21.9-21.9-57.3-21.9-79.2 0L416.3 64.5c-2.7-.3-5.5-.5-8.3-.5H296c-37.1 0-67.6 28-71.6 64H224V248c0 22.1 17.9 40 40 40s40-17.9 40-40V176c0 0 0-.1 0-.1V160l16 0 136 0c0 0 0 0 .1 0H464c44.2 0 80 35.8 80 80v8zM336 192v56c0 39.8-32.2 72-72 72s-72-32.2-72-72V129.4c-35.9 6.2-65.8 32.3-76 68.2L99.5 255.2 26.3 328.4c-21.9 21.9-21.9 57.3 0 79.2l78.1 78.1c21.9 21.9 57.3 21.9 79.2 0l37.7-37.7c.9 0 1.8 .1 2.7 .1H384c26.5 0 48-21.5 48-48c0-5.6-1-11-2.7-16H432c26.5 0 48-21.5 48-48c0-12.8-5-24.4-13.2-33c25.7-5 45.1-27.6 45.2-54.8v-.4c-.1-30.8-25.1-55.8-56-55.8c0 0 0 0 0 0l-120 0z\"><\/path><\/svg><\/div><\/span><\/div>\n\n\n\n<div class=\"wp-block-stackable-heading stk-block-heading stk-block-heading--v2 stk-block stk-be11d5c\" id=\"acil-oto-cekici-hizmetleri\" data-block-id=\"be11d5c\"><style>.stk-be11d5c{overflow:hidden !important}.stk-be11d5c .stk-block-heading__text{color:var(--theme-palette-color-4,#030306) !important}@media screen and (max-width:767px){.stk-be11d5c .stk-block-heading__text{font-size:17px !important}}<\/style><h4 class=\"stk-block-heading__text has-text-color\">Acil Yol Yard\u0131m<\/h4><\/div>\n<\/div><\/div>\n<\/div><\/div><\/div>\n<\/div><\/div>\n","protected":false},"excerpt":{"rendered":"<p>Sakarya Oto \u00c7ekici Hemen Ara s\u00c7erez Politikas\u0131 Kullan\u0131m Ko\u015fullar\u0131 Gizlilik Politikas\u0131 KVKK Ayd\u0131nlatma Metni Acil Oto \u00c7ekici Hizmetleri Kaza Sonras\u0131 Destek Acil Yol Yard\u0131m<\/p>\n","protected":false},"author":1,"featured_media":0,"parent":0,"menu_order":0,"comment_status":"closed","ping_status":"closed","template":"","meta":{"footnotes":""},"class_list":["post-515","page","type-page","status-publish","hentry"],"blocksy_meta":{"page_title_panel":"","has_hero_section":"disabled","0f7480de7faa8c01f4afcfa8a4c162a8":"","hero_section":"type-1","hero_elements":[{"id":"custom_title","enabled":true,"heading_tag":"h1","title":"Home"},{"id":"custom_description","enabled":true,"description_visibility":{"desktop":true,"tablet":true,"mobile":false}},{"id":"custom_meta","enabled":false,"meta_elements":[{"id":"author","enabled":true,"label":"By","has_author_avatar":"yes","avatar_size":25},{"id":"post_date","enabled":true,"label":"On","date_format_source":"default","date_format":"M j, Y"},{"id":"updated_date","enabled":false,"label":"On","date_format_source":"default","date_format":"M j, Y"},{"id":"categories","enabled":false,"label":"In","style":"simple"},{"id":"comments","enabled":true}],"page_meta_elements":{"joined":true,"articles_count":true,"comments":true}},{"id":"breadcrumbs","enabled":false}],"ccbd3b87ed7cda1e006bfc356d65d00d":"","hero_alignment1":"CT_CSS_SKIP_RULE","hero_margin":40,"hero_alignment2":"center","hero_vertical_alignment":"center","bf8c35a283640742dc354342bd983b67":"","hero_structure":"narrow","301304ceff928af53bc05dd4098178ed":"","page_title_bg_type":"featured_image","custom_hero_background":{"attachment_id":null},"parallax":{"desktop":false,"tablet":false,"mobile":false},"2c4ad69ddfefc6ea0118139a825676e5":"","hero_height":"250px","pageTitleFont":{"family":"Default","variation":"Default","size":"30px","line-height":"CT_CSS_SKIP_RULE","letter-spacing":"CT_CSS_SKIP_RULE","text-transform":"CT_CSS_SKIP_RULE","text-decoration":"CT_CSS_SKIP_RULE"},"pageTitleFontColor":{"default":{"color":"CT_CSS_SKIP_RULEDEFAULT"}},"pageMetaFont":{"family":"Default","variation":"n6","size":"12px","line-height":"1.3","letter-spacing":"CT_CSS_SKIP_RULE","text-transform":"uppercase","text-decoration":"CT_CSS_SKIP_RULE"},"pageMetaFontColor":{"default":{"color":"CT_CSS_SKIP_RULEDEFAULT"},"hover":{"color":"CT_CSS_SKIP_RULEDEFAULT"}},"page_meta_button_type_font_colors":{"default":{"color":"CT_CSS_SKIP_RULEDEFAULT"},"hover":{"color":"CT_CSS_SKIP_RULEDEFAULT"}},"page_meta_button_type_background_colors":{"default":{"color":"CT_CSS_SKIP_RULEDEFAULT"},"hover":{"color":"CT_CSS_SKIP_RULEDEFAULT"}},"pageExcerptFont":{"family":"Default","variation":"Default","size":"CT_CSS_SKIP_RULE","line-height":"CT_CSS_SKIP_RULE","letter-spacing":"CT_CSS_SKIP_RULE","text-transform":"CT_CSS_SKIP_RULE","text-decoration":"CT_CSS_SKIP_RULE"},"pageExcerptColor":{"default":{"color":"CT_CSS_SKIP_RULEDEFAULT"}},"breadcrumbsFont":{"family":"Default","variation":"Default","size":"CT_CSS_SKIP_RULE","line-height":"CT_CSS_SKIP_RULE","letter-spacing":"CT_CSS_SKIP_RULE","text-transform":"CT_CSS_SKIP_RULE","text-decoration":"CT_CSS_SKIP_RULE"},"breadcrumbsFontColor":{"default":{"color":"CT_CSS_SKIP_RULEDEFAULT"},"initial":{"color":"CT_CSS_SKIP_RULEDEFAULT"},"hover":{"color":"CT_CSS_SKIP_RULEDEFAULT"}},"pageTitleOverlay":{"background_type":"color","background_pattern":"type-1","background_image":{"attachment_id":null,"x":0,"y":0},"gradient":"linear-gradient(135deg,rgba(6,147,227,1) 0%,rgb(155,81,224) 100%)","background_repeat":"repeat","background_size":"auto","background_attachment":"scroll","patternColor":{"default":{"color":"#e5e7ea"}},"overlayColor":{"default":{"color":"CT_CSS_SKIP_RULE"}},"backgroundColor":{"default":{"color":"CT_CSS_SKIP_RULE"}}},"pageTitleBackground":{"background_type":"color","background_pattern":"type-1","background_image":{"attachment_id":null,"x":0,"y":0},"gradient":"linear-gradient(135deg,rgba(6,147,227,1) 0%,rgb(155,81,224) 100%)","background_repeat":"repeat","background_size":"auto","background_attachment":"scroll","patternColor":{"default":{"color":"#e5e7ea"}},"overlayColor":{"default":{"color":"CT_CSS_SKIP_RULE"}},"backgroundColor":{"default":{"color":"var(--theme-palette-color-6)"}}},"pageTitlePadding":{"top":"50px","bottom":"50px","left":"auto","right":"auto","linked":true},"c9c0d9b9e41c338cc69abcad0eff651c":"","page_structure_type":"default","6ce2aabdbf3db29e228061077b5e7248":"","content_style_source":"inherit","content_style":"wide","vertical_spacing_source":"custom","content_area_spacing":"none","background":{"background_type":"color","background_pattern":"type-1","background_image":{"attachment_id":null,"x":0,"y":0},"gradient":"linear-gradient(135deg,rgba(6,147,227,1) 0%,rgb(155,81,224) 100%)","background_repeat":"repeat","background_size":"auto","background_attachment":"scroll","patternColor":{"default":{"color":"#e5e7ea"}},"overlayColor":{"default":{"color":"CT_CSS_SKIP_RULE"}},"backgroundColor":{"default":{"color":"CT_CSS_SKIP_RULE"}}},"content_background":{"background_type":"color","background_pattern":"type-1","background_image":{"attachment_id":null,"x":0,"y":0},"gradient":"linear-gradient(135deg,rgba(6,147,227,1) 0%,rgb(155,81,224) 100%)","background_repeat":"repeat","background_size":"auto","background_attachment":"scroll","patternColor":{"default":{"color":"#e5e7ea"}},"overlayColor":{"default":{"color":"CT_CSS_SKIP_RULE"}},"backgroundColor":{"default":{"color":"var(--theme-palette-color-8)"}}},"content_boxed_shadow":{"inherit":false,"blur":18,"spread":-6,"v_offset":12,"h_offset":0,"inset":false,"enable":true,"color":{"color":"rgba(34, 56, 101, 0.04)"}},"boxed_content_spacing":{"desktop":{"top":"40px","bottom":"40px","left":"40px","right":"40px","linked":true},"tablet":{"top":"35px","bottom":"35px","left":"35px","right":"35px","linked":true},"mobile":{"top":"20px","bottom":"20px","left":"20px","right":"20px","linked":true}},"content_boxed_radius":{"top":"3px","bottom":"3px","left":"3px","right":"3px","linked":true},"34729e8460c21e8c8cf797f2bd8e6f85":"","disable_featured_image":"no","disable_header":"no","disable_footer":"no","styles_descriptor":{"styles":{"desktop":"","tablet":"","mobile":""},"google_fonts":[],"version":6}},"featured_image_urls":{"full":"","thumbnail":"","medium":"","medium_large":"","large":"","1536x1536":"","2048x2048":""},"post_excerpt_stackable":"<p>Sakarya Oto \u00c7ekici Hemen Ara s\u00c7erez Politikas\u0131 Kullan\u0131m Ko\u015fullar\u0131 Gizlilik Politikas\u0131 KVKK Ayd\u0131nlatma Metni Acil Oto \u00c7ekici Hizmetleri Kaza Sonras\u0131 Destek Acil Yol Yard\u0131m<\/p>\n","category_list":"","author_info":{"name":"admin","url":"https:\/\/sakaryaotocekici.com.tr\/index.php\/author\/dns_ee9grjsb\/"},"comments_num":"0 comments","featured_image_urls_v2":{"full":"","thumbnail":"","medium":"","medium_large":"","large":"","1536x1536":"","2048x2048":""},"post_excerpt_stackable_v2":"<p>Sakarya Oto \u00c7ekici Hemen Ara s\u00c7erez Politikas\u0131 Kullan\u0131m Ko\u015fullar\u0131 Gizlilik Politikas\u0131 KVKK Ayd\u0131nlatma Metni Acil Oto \u00c7ekici Hizmetleri Kaza Sonras\u0131 Destek Acil Yol Yard\u0131m<\/p>\n","category_list_v2":"","author_info_v2":{"name":"admin","url":"https:\/\/sakaryaotocekici.com.tr\/index.php\/author\/dns_ee9grjsb\/"},"comments_num_v2":"0 comments","_links":{"self":[{"href":"https:\/\/sakaryaotocekici.com.tr\/index.php\/wp-json\/wp\/v2\/pages\/515","targetHints":{"allow":["GET"]}}],"collection":[{"href":"https:\/\/sakaryaotocekici.com.tr\/index.php\/wp-json\/wp\/v2\/pages"}],"about":[{"href":"https:\/\/sakaryaotocekici.com.tr\/index.php\/wp-json\/wp\/v2\/types\/page"}],"author":[{"embeddable":true,"href":"https:\/\/sakaryaotocekici.com.tr\/index.php\/wp-json\/wp\/v2\/users\/1"}],"replies":[{"embeddable":true,"href":"https:\/\/sakaryaotocekici.com.tr\/index.php\/wp-json\/wp\/v2\/comments?post=515"}],"version-history":[{"count":63,"href":"https:\/\/sakaryaotocekici.com.tr\/index.php\/wp-json\/wp\/v2\/pages\/515\/revisions"}],"predecessor-version":[{"id":824,"href":"https:\/\/sakaryaotocekici.com.tr\/index.php\/wp-json\/wp\/v2\/pages\/515\/revisions\/824"}],"wp:attachment":[{"href":"https:\/\/sakaryaotocekici.com.tr\/index.php\/wp-json\/wp\/v2\/media?parent=515"}],"curies":[{"name":"wp","href":"https:\/\/api.w.org\/{rel}","templated":true}]}}