{"id":812,"date":"2025-10-16T11:25:34","date_gmt":"2025-10-16T11:25:34","guid":{"rendered":"https:\/\/sakaryaotocekici.com.tr\/?page_id=812"},"modified":"2025-10-16T11:25:34","modified_gmt":"2025-10-16T11:25:34","slug":"gizlilik-politikasi","status":"publish","type":"page","link":"https:\/\/sakaryaotocekici.com.tr\/index.php\/gizlilik-politikasi\/","title":{"rendered":"Gizlilik Politikas\u0131"},"content":{"rendered":"\n<h3 class=\"wp-block-heading\">Gizlilik Politikam\u0131z<\/h3>\n\n\n\n<p>Bu site yaln\u0131zca tan\u0131t\u0131m ama\u00e7l\u0131d\u0131r. Siteyi ziyaret eden kullan\u0131c\u0131lar\u0131n ki\u015fisel bilgileri (e-posta, telefon, ad) <strong>toplanmamaktad\u0131r<\/strong>, dolay\u0131s\u0131yla payla\u015f\u0131m veya saklama s\u00f6z konusu de\u011fildir.<\/p>\n\n\n\n<p><\/p>\n","protected":false},"excerpt":{"rendered":"<p>Gizlilik Politikam\u0131z Bu site yaln\u0131zca tan\u0131t\u0131m ama\u00e7l\u0131d\u0131r. Siteyi ziyaret eden kullan\u0131c\u0131lar\u0131n ki\u015fisel bilgileri (e-posta, telefon, ad) toplanmamaktad\u0131r, dolay\u0131s\u0131yla payla\u015f\u0131m veya saklama s\u00f6z konusu de\u011fildir.<\/p>\n","protected":false},"author":1,"featured_media":0,"parent":0,"menu_order":0,"comment_status":"closed","ping_status":"closed","template":"","meta":{"footnotes":""},"class_list":["post-812","page","type-page","status-publish","hentry"],"blocksy_meta":[],"featured_image_urls":{"full":"","thumbnail":"","medium":"","medium_large":"","large":"","1536x1536":"","2048x2048":""},"post_excerpt_stackable":"<p>Gizlilik Politikam\u0131z Bu site yaln\u0131zca tan\u0131t\u0131m ama\u00e7l\u0131d\u0131r. Siteyi ziyaret eden kullan\u0131c\u0131lar\u0131n ki\u015fisel bilgileri (e-posta, telefon, ad) toplanmamaktad\u0131r, dolay\u0131s\u0131yla payla\u015f\u0131m veya saklama s\u00f6z konusu de\u011fildir.<\/p>\n","category_list":"","author_info":{"name":"admin","url":"https:\/\/sakaryaotocekici.com.tr\/index.php\/author\/dns_ee9grjsb\/"},"comments_num":"0 comments","featured_image_urls_v2":{"full":"","thumbnail":"","medium":"","medium_large":"","large":"","1536x1536":"","2048x2048":""},"post_excerpt_stackable_v2":"<p>Gizlilik Politikam\u0131z Bu site yaln\u0131zca tan\u0131t\u0131m ama\u00e7l\u0131d\u0131r. Siteyi ziyaret eden kullan\u0131c\u0131lar\u0131n ki\u015fisel bilgileri (e-posta, telefon, ad) toplanmamaktad\u0131r, dolay\u0131s\u0131yla payla\u015f\u0131m veya saklama s\u00f6z konusu de\u011fildir.<\/p>\n","category_list_v2":"","author_info_v2":{"name":"admin","url":"https:\/\/sakaryaotocekici.com.tr\/index.php\/author\/dns_ee9grjsb\/"},"comments_num_v2":"0 comments","_links":{"self":[{"href":"https:\/\/sakaryaotocekici.com.tr\/index.php\/wp-json\/wp\/v2\/pages\/812","targetHints":{"allow":["GET"]}}],"collection":[{"href":"https:\/\/sakaryaotocekici.com.tr\/index.php\/wp-json\/wp\/v2\/pages"}],"about":[{"href":"https:\/\/sakaryaotocekici.com.tr\/index.php\/wp-json\/wp\/v2\/types\/page"}],"author":[{"embeddable":true,"href":"https:\/\/sakaryaotocekici.com.tr\/index.php\/wp-json\/wp\/v2\/users\/1"}],"replies":[{"embeddable":true,"href":"https:\/\/sakaryaotocekici.com.tr\/index.php\/wp-json\/wp\/v2\/comments?post=812"}],"version-history":[{"count":1,"href":"https:\/\/sakaryaotocekici.com.tr\/index.php\/wp-json\/wp\/v2\/pages\/812\/revisions"}],"predecessor-version":[{"id":813,"href":"https:\/\/sakaryaotocekici.com.tr\/index.php\/wp-json\/wp\/v2\/pages\/812\/revisions\/813"}],"wp:attachment":[{"href":"https:\/\/sakaryaotocekici.com.tr\/index.php\/wp-json\/wp\/v2\/media?parent=812"}],"curies":[{"name":"wp","href":"https:\/\/api.w.org\/{rel}","templated":true}]}}