{"id":814,"date":"2025-10-16T11:28:10","date_gmt":"2025-10-16T11:28:10","guid":{"rendered":"https:\/\/sakaryaotocekici.com.tr\/?page_id=814"},"modified":"2025-10-16T11:28:10","modified_gmt":"2025-10-16T11:28:10","slug":"kvkk-aydinlatma-metni","status":"publish","type":"page","link":"https:\/\/sakaryaotocekici.com.tr\/index.php\/kvkk-aydinlatma-metni\/","title":{"rendered":"KVKK Ayd\u0131nlatma Metni"},"content":{"rendered":"\n<h4 class=\"wp-block-heading\">Ki\u015fisel Verilerin Toplanmas\u0131 ve \u0130\u015flenmesi<\/h4>\n\n\n\n<p>Sakarya Oto \u00c7ekici olarak, kullan\u0131c\u0131lar\u0131m\u0131z\u0131n ki\u015fisel verilerini 6698 say\u0131l\u0131 Ki\u015fisel Verilerin Korunmas\u0131 Kanunu (KVKK) kapsam\u0131nda korumaktay\u0131z.<\/p>\n\n\n\n<h4 class=\"wp-block-heading\">Ki\u015fisel Verilerin \u0130\u015flenme Ama\u00e7lar\u0131<\/h4>\n\n\n\n<ul class=\"wp-block-list\">\n<li>Siteyi tan\u0131t\u0131m ama\u00e7l\u0131 kullanma<\/li>\n\n\n\n<li>Kullan\u0131c\u0131lar\u0131n taleplerini ve sorular\u0131n\u0131 y\u00f6nlendirmek (form veya ileti\u015fim arac\u0131l\u0131\u011f\u0131yla)<\/li>\n<\/ul>\n\n\n\n<h4 class=\"wp-block-heading\">\u0130lgili Ki\u015filerin Haklar\u0131<\/h4>\n\n\n\n<p>KVKK\u2019n\u0131n 11. maddesi uyar\u0131nca, ki\u015fisel verilerinizle ilgili olarak haklar\u0131n\u0131z\u0131 kullanabilirsiniz. Taleplerinizi <a>sakaryacekicihizmeti@gmail.com<\/a> adresine iletebilirsiniz.<\/p>\n\n\n\n<p><\/p>\n","protected":false},"excerpt":{"rendered":"<p>Ki\u015fisel Verilerin Toplanmas\u0131 ve \u0130\u015flenmesi Sakarya Oto \u00c7ekici olarak, kullan\u0131c\u0131lar\u0131m\u0131z\u0131n ki\u015fisel verilerini 6698 say\u0131l\u0131 Ki\u015fisel Verilerin Korunmas\u0131 Kanunu (KVKK) kapsam\u0131nda korumaktay\u0131z. Ki\u015fisel Verilerin \u0130\u015flenme Ama\u00e7lar\u0131 \u0130lgili Ki\u015filerin Haklar\u0131 KVKK\u2019n\u0131n 11. maddesi uyar\u0131nca, ki\u015fisel verilerinizle ilgili olarak haklar\u0131n\u0131z\u0131 kullanabilirsiniz. Taleplerinizi sakaryacekicihizmeti@gmail.com adresine iletebilirsiniz.<\/p>\n","protected":false},"author":1,"featured_media":0,"parent":0,"menu_order":0,"comment_status":"closed","ping_status":"closed","template":"","meta":{"footnotes":""},"class_list":["post-814","page","type-page","status-publish","hentry"],"blocksy_meta":[],"featured_image_urls":{"full":"","thumbnail":"","medium":"","medium_large":"","large":"","1536x1536":"","2048x2048":""},"post_excerpt_stackable":"<p>Ki\u015fisel Verilerin Toplanmas\u0131 ve \u0130\u015flenmesi Sakarya Oto \u00c7ekici olarak, kullan\u0131c\u0131lar\u0131m\u0131z\u0131n ki\u015fisel verilerini 6698 say\u0131l\u0131 Ki\u015fisel Verilerin Korunmas\u0131 Kanunu (KVKK) kapsam\u0131nda korumaktay\u0131z. Ki\u015fisel Verilerin \u0130\u015flenme Ama\u00e7lar\u0131 Siteyi tan\u0131t\u0131m ama\u00e7l\u0131 kullanma Kullan\u0131c\u0131lar\u0131n taleplerini ve sorular\u0131n\u0131 y\u00f6nlendirmek (form veya ileti\u015fim arac\u0131l\u0131\u011f\u0131yla) \u0130lgili Ki\u015filerin Haklar\u0131 KVKK\u2019n\u0131n 11. maddesi uyar\u0131nca, ki\u015fisel verilerinizle ilgili olarak haklar\u0131n\u0131z\u0131 kullanabilirsiniz. Taleplerinizi sakaryacekicihizmeti@gmail.com adresine iletebilirsiniz.<\/p>\n","category_list":"","author_info":{"name":"admin","url":"https:\/\/sakaryaotocekici.com.tr\/index.php\/author\/dns_ee9grjsb\/"},"comments_num":"0 comments","featured_image_urls_v2":{"full":"","thumbnail":"","medium":"","medium_large":"","large":"","1536x1536":"","2048x2048":""},"post_excerpt_stackable_v2":"<p>Ki\u015fisel Verilerin Toplanmas\u0131 ve \u0130\u015flenmesi Sakarya Oto \u00c7ekici olarak, kullan\u0131c\u0131lar\u0131m\u0131z\u0131n ki\u015fisel verilerini 6698 say\u0131l\u0131 Ki\u015fisel Verilerin Korunmas\u0131 Kanunu (KVKK) kapsam\u0131nda korumaktay\u0131z. Ki\u015fisel Verilerin \u0130\u015flenme Ama\u00e7lar\u0131 Siteyi tan\u0131t\u0131m ama\u00e7l\u0131 kullanma Kullan\u0131c\u0131lar\u0131n taleplerini ve sorular\u0131n\u0131 y\u00f6nlendirmek (form veya ileti\u015fim arac\u0131l\u0131\u011f\u0131yla) \u0130lgili Ki\u015filerin Haklar\u0131 KVKK\u2019n\u0131n 11. maddesi uyar\u0131nca, ki\u015fisel verilerinizle ilgili olarak haklar\u0131n\u0131z\u0131 kullanabilirsiniz. Taleplerinizi sakaryacekicihizmeti@gmail.com adresine iletebilirsiniz.<\/p>\n","category_list_v2":"","author_info_v2":{"name":"admin","url":"https:\/\/sakaryaotocekici.com.tr\/index.php\/author\/dns_ee9grjsb\/"},"comments_num_v2":"0 comments","_links":{"self":[{"href":"https:\/\/sakaryaotocekici.com.tr\/index.php\/wp-json\/wp\/v2\/pages\/814","targetHints":{"allow":["GET"]}}],"collection":[{"href":"https:\/\/sakaryaotocekici.com.tr\/index.php\/wp-json\/wp\/v2\/pages"}],"about":[{"href":"https:\/\/sakaryaotocekici.com.tr\/index.php\/wp-json\/wp\/v2\/types\/page"}],"author":[{"embeddable":true,"href":"https:\/\/sakaryaotocekici.com.tr\/index.php\/wp-json\/wp\/v2\/users\/1"}],"replies":[{"embeddable":true,"href":"https:\/\/sakaryaotocekici.com.tr\/index.php\/wp-json\/wp\/v2\/comments?post=814"}],"version-history":[{"count":1,"href":"https:\/\/sakaryaotocekici.com.tr\/index.php\/wp-json\/wp\/v2\/pages\/814\/revisions"}],"predecessor-version":[{"id":815,"href":"https:\/\/sakaryaotocekici.com.tr\/index.php\/wp-json\/wp\/v2\/pages\/814\/revisions\/815"}],"wp:attachment":[{"href":"https:\/\/sakaryaotocekici.com.tr\/index.php\/wp-json\/wp\/v2\/media?parent=814"}],"curies":[{"name":"wp","href":"https:\/\/api.w.org\/{rel}","templated":true}]}}