{"id":816,"date":"2025-10-16T11:30:47","date_gmt":"2025-10-16T11:30:47","guid":{"rendered":"https:\/\/sakaryaotocekici.com.tr\/?page_id=816"},"modified":"2025-10-16T11:30:48","modified_gmt":"2025-10-16T11:30:48","slug":"kullanim-kosullari","status":"publish","type":"page","link":"https:\/\/sakaryaotocekici.com.tr\/index.php\/kullanim-kosullari\/","title":{"rendered":"Kullan\u0131m Ko\u015fullar\u0131"},"content":{"rendered":"\n<h4 class=\"wp-block-heading\">Genel Bilgiler<\/h4>\n\n\n\n<p>Sakarya Oto \u00c7ekici web sitesi yaln\u0131zca tan\u0131t\u0131m ama\u00e7l\u0131d\u0131r. Siteyi kullanarak a\u015fa\u011f\u0131daki ko\u015fullar\u0131 kabul etmi\u015f olursunuz:<\/p>\n\n\n\n<h4 class=\"wp-block-heading\">Kullan\u0131m Ko\u015fullar\u0131<\/h4>\n\n\n\n<ul class=\"wp-block-list\">\n<li>Site i\u00e7eri\u011fi bilgilendirme ama\u00e7l\u0131d\u0131r.<\/li>\n\n\n\n<li>Site \u00fczerinden herhangi bir sat\u0131\u015f, s\u00f6zle\u015fme veya \u00fcyelik yap\u0131lmamaktad\u0131r.<\/li>\n\n\n\n<li>Siteyi kullan\u0131rken kanuna ayk\u0131r\u0131 davran\u0131\u015flardan kullan\u0131c\u0131 sorumludur.<\/li>\n<\/ul>\n\n\n\n<h4 class=\"wp-block-heading\">Sorumluluk Reddi<\/h4>\n\n\n\n<p>Sakarya Oto \u00c7ekici, site i\u00e7eri\u011finin do\u011frulu\u011fu veya g\u00fcncelli\u011fi konusunda garanti vermez. Siteyi kullanman\u0131z sonucu olu\u015fabilecek do\u011frudan veya dolayl\u0131 zararlardan firma sorumlu de\u011fildir.<\/p>\n\n\n\n<p><\/p>\n","protected":false},"excerpt":{"rendered":"<p>Genel Bilgiler Sakarya Oto \u00c7ekici web sitesi yaln\u0131zca tan\u0131t\u0131m ama\u00e7l\u0131d\u0131r. Siteyi kullanarak a\u015fa\u011f\u0131daki ko\u015fullar\u0131 kabul etmi\u015f olursunuz: Kullan\u0131m Ko\u015fullar\u0131 Sorumluluk Reddi Sakarya Oto \u00c7ekici, site i\u00e7eri\u011finin do\u011frulu\u011fu veya g\u00fcncelli\u011fi konusunda garanti vermez. Siteyi kullanman\u0131z sonucu olu\u015fabilecek do\u011frudan veya dolayl\u0131 zararlardan firma sorumlu de\u011fildir.<\/p>\n","protected":false},"author":1,"featured_media":0,"parent":0,"menu_order":0,"comment_status":"closed","ping_status":"closed","template":"","meta":{"footnotes":""},"class_list":["post-816","page","type-page","status-publish","hentry"],"blocksy_meta":[],"featured_image_urls":{"full":"","thumbnail":"","medium":"","medium_large":"","large":"","1536x1536":"","2048x2048":""},"post_excerpt_stackable":"<p>Genel Bilgiler Sakarya Oto \u00c7ekici web sitesi yaln\u0131zca tan\u0131t\u0131m ama\u00e7l\u0131d\u0131r. Siteyi kullanarak a\u015fa\u011f\u0131daki ko\u015fullar\u0131 kabul etmi\u015f olursunuz: Kullan\u0131m Ko\u015fullar\u0131 Site i\u00e7eri\u011fi bilgilendirme ama\u00e7l\u0131d\u0131r. Site \u00fczerinden herhangi bir sat\u0131\u015f, s\u00f6zle\u015fme veya \u00fcyelik yap\u0131lmamaktad\u0131r. Siteyi kullan\u0131rken kanuna ayk\u0131r\u0131 davran\u0131\u015flardan kullan\u0131c\u0131 sorumludur. Sorumluluk Reddi Sakarya Oto \u00c7ekici, site i\u00e7eri\u011finin do\u011frulu\u011fu veya g\u00fcncelli\u011fi konusunda garanti vermez. Siteyi kullanman\u0131z sonucu olu\u015fabilecek do\u011frudan veya dolayl\u0131 zararlardan firma sorumlu de\u011fildir.<\/p>\n","category_list":"","author_info":{"name":"admin","url":"https:\/\/sakaryaotocekici.com.tr\/index.php\/author\/dns_ee9grjsb\/"},"comments_num":"0 comments","featured_image_urls_v2":{"full":"","thumbnail":"","medium":"","medium_large":"","large":"","1536x1536":"","2048x2048":""},"post_excerpt_stackable_v2":"<p>Genel Bilgiler Sakarya Oto \u00c7ekici web sitesi yaln\u0131zca tan\u0131t\u0131m ama\u00e7l\u0131d\u0131r. Siteyi kullanarak a\u015fa\u011f\u0131daki ko\u015fullar\u0131 kabul etmi\u015f olursunuz: Kullan\u0131m Ko\u015fullar\u0131 Site i\u00e7eri\u011fi bilgilendirme ama\u00e7l\u0131d\u0131r. Site \u00fczerinden herhangi bir sat\u0131\u015f, s\u00f6zle\u015fme veya \u00fcyelik yap\u0131lmamaktad\u0131r. Siteyi kullan\u0131rken kanuna ayk\u0131r\u0131 davran\u0131\u015flardan kullan\u0131c\u0131 sorumludur. Sorumluluk Reddi Sakarya Oto \u00c7ekici, site i\u00e7eri\u011finin do\u011frulu\u011fu veya g\u00fcncelli\u011fi konusunda garanti vermez. Siteyi kullanman\u0131z sonucu olu\u015fabilecek do\u011frudan veya dolayl\u0131 zararlardan firma sorumlu de\u011fildir.<\/p>\n","category_list_v2":"","author_info_v2":{"name":"admin","url":"https:\/\/sakaryaotocekici.com.tr\/index.php\/author\/dns_ee9grjsb\/"},"comments_num_v2":"0 comments","_links":{"self":[{"href":"https:\/\/sakaryaotocekici.com.tr\/index.php\/wp-json\/wp\/v2\/pages\/816","targetHints":{"allow":["GET"]}}],"collection":[{"href":"https:\/\/sakaryaotocekici.com.tr\/index.php\/wp-json\/wp\/v2\/pages"}],"about":[{"href":"https:\/\/sakaryaotocekici.com.tr\/index.php\/wp-json\/wp\/v2\/types\/page"}],"author":[{"embeddable":true,"href":"https:\/\/sakaryaotocekici.com.tr\/index.php\/wp-json\/wp\/v2\/users\/1"}],"replies":[{"embeddable":true,"href":"https:\/\/sakaryaotocekici.com.tr\/index.php\/wp-json\/wp\/v2\/comments?post=816"}],"version-history":[{"count":1,"href":"https:\/\/sakaryaotocekici.com.tr\/index.php\/wp-json\/wp\/v2\/pages\/816\/revisions"}],"predecessor-version":[{"id":817,"href":"https:\/\/sakaryaotocekici.com.tr\/index.php\/wp-json\/wp\/v2\/pages\/816\/revisions\/817"}],"wp:attachment":[{"href":"https:\/\/sakaryaotocekici.com.tr\/index.php\/wp-json\/wp\/v2\/media?parent=816"}],"curies":[{"name":"wp","href":"https:\/\/api.w.org\/{rel}","templated":true}]}}